{"id":704,"date":"2023-11-01T16:18:46","date_gmt":"2023-11-01T15:18:46","guid":{"rendered":"https:\/\/lafabricademarcianitos.com\/?page_id=704"},"modified":"2023-11-01T16:20:23","modified_gmt":"2023-11-01T15:20:23","slug":"aviso-legal","status":"publish","type":"page","link":"https:\/\/lafabricademarcianitos.com\/en\/aviso-legal\/","title":{"rendered":"Aviso Legal"},"content":{"rendered":"<div data-elementor-type=\"wp-page\" data-elementor-id=\"704\" class=\"elementor elementor-704\" data-elementor-post-type=\"page\">\n\t\t\t\t<div class=\"elementor-element elementor-element-8a0c445 e-flex e-con-boxed e-con e-parent\" data-id=\"8a0c445\" data-element_type=\"container\" data-e-type=\"container\">\n\t\t\t\t\t<div class=\"e-con-inner\">\n\t\t\t\t<div class=\"elementor-element elementor-element-e570405 elementor-widget elementor-widget-spacer\" data-id=\"e570405\" data-element_type=\"widget\" data-e-type=\"widget\" data-widget_type=\"spacer.default\">\n\t\t\t\t<div class=\"elementor-widget-container\">\n\t\t\t\t\t\t\t<div class=\"elementor-spacer\">\n\t\t\t<div class=\"elementor-spacer-inner\"><\/div>\n\t\t<\/div>\n\t\t\t\t\t\t<\/div>\n\t\t\t\t<\/div>\n\t\t\t\t<div class=\"elementor-element elementor-element-f9fa891 elementor-widget elementor-widget-heading\" data-id=\"f9fa891\" data-element_type=\"widget\" data-e-type=\"widget\" data-widget_type=\"heading.default\">\n\t\t\t\t<div class=\"elementor-widget-container\">\n\t\t\t\t\t<h2 class=\"elementor-heading-title elementor-size-default\">Aviso Legal<\/h2>\t\t\t\t<\/div>\n\t\t\t\t<\/div>\n\t\t\t\t<div class=\"elementor-element elementor-element-a8c4739 elementor-widget elementor-widget-spacer\" data-id=\"a8c4739\" data-element_type=\"widget\" data-e-type=\"widget\" data-widget_type=\"spacer.default\">\n\t\t\t\t<div class=\"elementor-widget-container\">\n\t\t\t\t\t\t\t<div class=\"elementor-spacer\">\n\t\t\t<div class=\"elementor-spacer-inner\"><\/div>\n\t\t<\/div>\n\t\t\t\t\t\t<\/div>\n\t\t\t\t<\/div>\n\t\t\t\t<div class=\"elementor-element elementor-element-305964d elementor-widget elementor-widget-text-editor\" data-id=\"305964d\" data-element_type=\"widget\" data-e-type=\"widget\" data-widget_type=\"text-editor.default\">\n\t\t\t\t<div class=\"elementor-widget-container\">\n\t\t\t\t\t\t\t\t\t<p>La Fabrica De Marcianitos, en adelante LA EMPRESA y su web www.lafabricademarcianitos.com, en adelante SITIO WEB declara:<\/p><p class=\"p2\">En cumplimiento con el deber de informaci\u00f3n recogido en art\u00edculo 10 de la Ley 34\/2002, de 11 de julio, de Servicios de la Sociedad de la Informaci\u00f3n y del Comercio Electr\u00f3nico (LSSICE), el propietario de la web , le informa de lo siguiente:<\/p><ul class=\"ul1\"><li class=\"li3\"><span class=\"s2\">Denominaci\u00f3n social: La Fabrica de Marcianitos<\/span><\/li><li class=\"li3\"><span class=\"s2\">NIF: &#8211;<\/span><\/li><li class=\"li3\"><span class=\"s2\">Domicilio: &#8211;<\/span><\/li><\/ul><p class=\"p4\">Con los l\u00edmites establecidos en la ley, LA EMPRESA no asume ninguna responsabilidad derivada de la falta de veracidad, integridad, actualizaci\u00f3n y precisi\u00f3n de los datos o informaciones que contienen sus p\u00e1ginas web.<\/p><p class=\"p2\">Los contenidos e informaci\u00f3n no vinculan a LA EMPRESA ni constituyen opiniones, consejos o asesoramiento legal de ning\u00fan tipo pues se trata meramente de un servicio ofrecido con car\u00e1cter informativo y divulgativo.<\/p><p class=\"p2\">Las p\u00e1ginas de Internet de LA EMPRESA pueden contener enlaces (links) a otras p\u00e1ginas de terceras partes que LA EMPRESA no puede controlar. Por lo tanto, LA EMPRESA no puede asumir responsabilidades por el contenido que pueda aparecer en p\u00e1ginas de terceros.<\/p><p class=\"p2\">Los textos, im\u00e1genes, sonidos, animaciones, software y el resto de contenidos incluidos en este website son propiedad exclusiva de LA EMPRESA o sus licenciantes. Cualquier acto de transmisi\u00f3n, distribuci\u00f3n, cesi\u00f3n, reproducci\u00f3n, almacenamiento o comunicaci\u00f3n p\u00fablica total o parcial, deber\u00e1 contar con el consentimiento expreso de LA EMPRESA.<\/p><p class=\"p2\">Asimismo, para acceder a algunos de los servicios que LA EMPRESA ofrece a trav\u00e9s del sitio web, deber\u00e1 proporcionar algunos datos de car\u00e1cter personal. En cumplimiento de lo establecido en el Reglamento (UE) 2016\/679 del Parlamento Europeo y del Consejo, de 27 de abril de 2016, relativo a la protecci\u00f3n de las personas f\u00edsicas en lo que respecta al tratamiento de datos personales y a la libre circulaci\u00f3n de estos datos le informamos que, mediante la cumplimentaci\u00f3n de los presentes formularios, sus datos personales quedar\u00e1n incorporados y ser\u00e1n tratados en los ficheros de LA EMPRESA con el fin de poderle prestar y ofrecer nuestros servicios as\u00ed como para informarle de las mejoras del sitio Web.<\/p><p class=\"p5\">Le informamos tambi\u00e9n de que tendr\u00e1 la posibilidad en todo momento de ejercer los derechos de acceso, rectificaci\u00f3n, cancelaci\u00f3n, oposici\u00f3n, limitaci\u00f3n y portabilidad de sus datos de car\u00e1cter personal, de manera gratuita mediante email a: info@lafabricademarcianitos.com.<\/p><h3 class=\"av-special-heading-tag\">POL\u00cdTICA DE DEVOLUCIONES<\/h3><div class=\"special-heading-border\">\u00a0<\/div><p>El usuario tiene 14 d\u00edas naturales para desistir del servicio a partir la firma del contrato.<br \/>No se podr\u00e1 desistir del servicio una vez haya comenzado su formaci\u00f3n accediendo a cualquier contenido de la plataforma, canal informativo de Telegram o clases presenciales y telem\u00e1ticas.<\/p><p>El empresario devolver\u00e1 el importe, sin demoras indebidas y, en cualquier caso, antes de 14 d\u00edas naturales desde que conoci\u00f3 el desistimiento. En caso contrario, el consumidor podr\u00e1 reclamar el doble del importe adeudado, sin perjuicio a su derecho de ser indemnizado por los da\u00f1os y perjuicios recibidos.<br \/>El empresario podr\u00e1 retener el reembolso hasta haber recibido los bienes o hasta que el consumidor haya acreditado su devoluci\u00f3n.<\/p><p class=\"p6\">REV: 20.3009<\/p>\t\t\t\t\t\t\t\t<\/div>\n\t\t\t\t<\/div>\n\t\t\t\t<div class=\"elementor-element elementor-element-bf2505d elementor-widget elementor-widget-spacer\" data-id=\"bf2505d\" data-element_type=\"widget\" data-e-type=\"widget\" data-widget_type=\"spacer.default\">\n\t\t\t\t<div class=\"elementor-widget-container\">\n\t\t\t\t\t\t\t<div class=\"elementor-spacer\">\n\t\t\t<div class=\"elementor-spacer-inner\"><\/div>\n\t\t<\/div>\n\t\t\t\t\t\t<\/div>\n\t\t\t\t<\/div>\n\t\t\t\t\t<\/div>\n\t\t\t\t<\/div>\n\t\t\t\t<\/div>","protected":false},"excerpt":{"rendered":"<p>Aviso Legal La Fabrica De Marcianitos, en adelante LA EMPRESA y su web www.lafabricademarcianitos.com, en adelante SITIO WEB declara: En cumplimiento con el deber de informaci\u00f3n recogido en art\u00edculo 10 de la Ley 34\/2002, de 11 de julio, de Servicios de la Sociedad de la Informaci\u00f3n y del Comercio Electr\u00f3nico (LSSICE), el propietario de la [&hellip;]<\/p>\n","protected":false},"author":1,"featured_media":0,"parent":0,"menu_order":0,"comment_status":"closed","ping_status":"closed","template":"","meta":{"footnotes":""},"class_list":["post-704","page","type-page","status-publish","hentry"],"_links":{"self":[{"href":"https:\/\/lafabricademarcianitos.com\/en\/wp-json\/wp\/v2\/pages\/704","targetHints":{"allow":["GET"]}}],"collection":[{"href":"https:\/\/lafabricademarcianitos.com\/en\/wp-json\/wp\/v2\/pages"}],"about":[{"href":"https:\/\/lafabricademarcianitos.com\/en\/wp-json\/wp\/v2\/types\/page"}],"author":[{"embeddable":true,"href":"https:\/\/lafabricademarcianitos.com\/en\/wp-json\/wp\/v2\/users\/1"}],"replies":[{"embeddable":true,"href":"https:\/\/lafabricademarcianitos.com\/en\/wp-json\/wp\/v2\/comments?post=704"}],"version-history":[{"count":7,"href":"https:\/\/lafabricademarcianitos.com\/en\/wp-json\/wp\/v2\/pages\/704\/revisions"}],"predecessor-version":[{"id":711,"href":"https:\/\/lafabricademarcianitos.com\/en\/wp-json\/wp\/v2\/pages\/704\/revisions\/711"}],"wp:attachment":[{"href":"https:\/\/lafabricademarcianitos.com\/en\/wp-json\/wp\/v2\/media?parent=704"}],"curies":[{"name":"wp","href":"https:\/\/api.w.org\/{rel}","templated":true}]}}