{"id":712,"date":"2023-11-01T16:21:32","date_gmt":"2023-11-01T15:21:32","guid":{"rendered":"https:\/\/lafabricademarcianitos.com\/?page_id=712"},"modified":"2023-11-01T17:05:13","modified_gmt":"2023-11-01T16:05:13","slug":"terminos-y-condiciones","status":"publish","type":"page","link":"https:\/\/lafabricademarcianitos.com\/en\/terminos-y-condiciones\/","title":{"rendered":"T\u00e9rminos y Condiciones\u200b"},"content":{"rendered":"<div data-elementor-type=\"wp-page\" data-elementor-id=\"712\" class=\"elementor elementor-712\" data-elementor-post-type=\"page\">\n\t\t\t\t<div class=\"elementor-element elementor-element-74f4461 e-flex e-con-boxed e-con e-parent\" data-id=\"74f4461\" data-element_type=\"container\" data-e-type=\"container\">\n\t\t\t\t\t<div class=\"e-con-inner\">\n\t\t\t\t<div class=\"elementor-element elementor-element-1c5f7fe elementor-widget elementor-widget-spacer\" data-id=\"1c5f7fe\" data-element_type=\"widget\" data-e-type=\"widget\" data-widget_type=\"spacer.default\">\n\t\t\t\t<div class=\"elementor-widget-container\">\n\t\t\t\t\t\t\t<div class=\"elementor-spacer\">\n\t\t\t<div class=\"elementor-spacer-inner\"><\/div>\n\t\t<\/div>\n\t\t\t\t\t\t<\/div>\n\t\t\t\t<\/div>\n\t\t\t\t<div class=\"elementor-element elementor-element-1fb02a7 elementor-widget elementor-widget-heading\" data-id=\"1fb02a7\" data-element_type=\"widget\" data-e-type=\"widget\" data-widget_type=\"heading.default\">\n\t\t\t\t<div class=\"elementor-widget-container\">\n\t\t\t\t\t<h2 class=\"elementor-heading-title elementor-size-default\">T\u00e9rminos y Condiciones<\/h2>\t\t\t\t<\/div>\n\t\t\t\t<\/div>\n\t\t\t\t<div class=\"elementor-element elementor-element-56ce48e elementor-widget elementor-widget-spacer\" data-id=\"56ce48e\" data-element_type=\"widget\" data-e-type=\"widget\" data-widget_type=\"spacer.default\">\n\t\t\t\t<div class=\"elementor-widget-container\">\n\t\t\t\t\t\t\t<div class=\"elementor-spacer\">\n\t\t\t<div class=\"elementor-spacer-inner\"><\/div>\n\t\t<\/div>\n\t\t\t\t\t\t<\/div>\n\t\t\t\t<\/div>\n\t\t\t\t<div class=\"elementor-element elementor-element-0709d66 elementor-widget elementor-widget-text-editor\" data-id=\"0709d66\" data-element_type=\"widget\" data-e-type=\"widget\" data-widget_type=\"text-editor.default\">\n\t\t\t\t<div class=\"elementor-widget-container\">\n\t\t\t\t\t\t\t\t\t<h5>CONDICIONES GENERALES DE CONTRATACI\u00d3N<\/h5><p>https:\/\/lafabricademarcianitos.com (en adelante, la Web) es un sitio web propiedad de Carmen Infantes Roma, en adelante EL PROPIETARIO, con CIF\/NIF n\u00ba: 70061762J y domicilio social en: Calle Gomera 2, Villaca\u00f1as, 45860, Toledo.<\/p><p>El acceso, reproducci\u00f3n y uso de los servicios de la Web requiere la aceptaci\u00f3n previa de las Condiciones de Uso vigentes en cada momento; EL PROPIETARIO se reserva el derecho de modificar dichas Condiciones cuando lo considere oportuno, mediante la publicaci\u00f3n del nuevo texto en la Web.Es responsabilidad del usuario conocer las Condiciones de Uso antes de acceder a los productos y servicios de la Web; en caso de no estar conforme con las mismas, le rogamos, se abstenga de utilizarla.<\/p><h5>PROPIEDAD<\/h5><p>La Web es una obra compuesta de diversos elementos integrados e inseparables (texto, ilustraciones, fotograf\u00edas, im\u00e1genes animadas, v\u00eddeos, programas de ordenador, incluidos los c\u00f3digos html del sitio web, etc.), cuya Propiedad Intelectual le corresponde a EL PROPIETARIO, salvo en lo referente a aquellos materiales obtenidos bajo licencia de terceros.<\/p><p>EL PROPIETARIO y sus licenciantes retienen en todo momento la Propiedad Intelectual sobre la Web y sobre los distintos elementos que la componen, individualmente considerados, en todas las copias que se realicen (cualquiera que sea el soporte al que se incorporen), concediendo sobre los mismos \u00fanicamente los derechos de uso que m\u00e1s adelante se describen. Cualquier derecho que no sea expresamente cedido se entiende reservado.<\/p><p>Adem\u00e1s de lo anterior, EL PROPIETARIO es responsable de la selecci\u00f3n, dise\u00f1o de la estructura y disposici\u00f3n de los contenidos de la Web, as\u00ed como quien ha tomado la iniciativa y asumido el riesgo de efectuar las inversiones sustanciales orientadas a la obtenci\u00f3n, digitalizaci\u00f3n y presentaci\u00f3n de la misma, correspondi\u00e9ndole, por tanto, la protecci\u00f3n que el art\u00edculo 12 y el T\u00edtulo VIII del Libro II de la Ley de Propiedad Intelectual pueda conceder sobre el sitio web, considerado como una base de datos.<\/p><p>EL PROPIETARIO es tambi\u00e9n el \u00fanico due\u00f1o del dise\u00f1o e imagen gr\u00e1fica de la Web, reserv\u00e1ndose las acciones legales pertinentes que le pudieran corresponder contra las personas que realicen imitaciones o usos desleales del mismo.<\/p><h5>CONTENIDOS WEB Y DESCARGAS. USOS PERMITIDOS Y PROHIBIDOS.<\/h5><p>Est\u00e1 permitida:<\/p><p>La navegaci\u00f3n por la Web, es decir, el acceso y visualizaci\u00f3n de la misma en un dispositivo, quedando autorizada cualquier reproducci\u00f3n temporal o accesoria, siempre que la misma no sea voluntaria y forme parte integrante y esencial del proceso tecnol\u00f3gico de transmisi\u00f3n. La navegaci\u00f3n por determinadas secciones de la Web requieren el previo registro.<\/p><p>Beneficiarse (previo registro), de los servicios y ventajas prestados por EL PROPIETARIO a trav\u00e9s de la Web a sus usuarios, en las condiciones que se se\u00f1alen expresamente en las distintas secciones.<\/p><p>Queda terminantemente prohibido:<\/p><p>Cualesquiera operaciones respecto de la Web, sus contenidos, los productos descargados y las copias de todos ellos que sean contrarias a la Ley, las buenas costumbres y la buena fe.<\/p><p>Cualquier utilizaci\u00f3n fuera del \u00e1mbito personal y privado, especialmente aquellas que tengan fines comerciales o profesionales, incluido el env\u00edo de publicidad o mensajes y la recopilaci\u00f3n y tratamiento de datos de terceros.<\/p><p>Cualquier tipo de extracci\u00f3n, comunicaci\u00f3n p\u00fablica y\/o transmisi\u00f3n, total o parcial, por cualquier medio, fuera del \u00e1mbito privado de uso permitido y, especialmente, su incorporaci\u00f3n a cualquier otra obra, incluidas p\u00e1ginas web, colecciones o bases de datos. Se except\u00faa de esta prohibici\u00f3n la publicaci\u00f3n en medios de comunicaci\u00f3n de los materiales susceptibles de descarga de la secci\u00f3n Sala de Prensa.<\/p><p>La remoci\u00f3n, ocultaci\u00f3n o falseamiento de los avisos y advertencias sobre la Propiedad Intelectual o Industrial de la Web o de cualquiera de los productos facilitados a trav\u00e9s de la misma.<\/p><p>Las operaciones y actividades expresamente prohibidas en cualesquiera otras secciones de estas Condiciones Generales y, en general, cualquiera que pueda perjudicar el normal funcionamiento de la Web, a otros usuarios o a cualquier tercero.<\/p><h5>LINKS A LA WEB<\/h5><p>Queda autorizado el establecimiento de v\u00ednculos e hiperv\u00ednculos con la Web desde otras p\u00e1ginas o sitios web, siempre que los mismos no se hagan de forma que perjudique la imagen p\u00fablica y de marca de EL PROPIETARIO, de la Web o de cualquiera de las personas y productos a que se haga referencia en la misma. En el establecimiento de v\u00ednculos con la Web queda expresamente prohibida la utilizaci\u00f3n de t\u00e9cnicas que impliquen confusi\u00f3n sobre la identidad y propiedad de los contenidos, tales como el framing u otras.<\/p><p>Queda prohibido el establecimiento de v\u00ednculos desde p\u00e1ginas o sitios web cuyos contenidos promocionen o hagan apolog\u00eda, directa o indirectamente, de cualquier tipo de violencia, discriminaci\u00f3n, pornograf\u00eda o actividad ilegal. Asimismo, queda expresamente prohibido el establecimiento de links con fines mercantiles.<\/p><p>En la creaci\u00f3n de los v\u00ednculos queda expresamente prohibida la utilizaci\u00f3n de elementos extra\u00eddos de la Web, sin el consentimiento previo y expreso de EL PROPIETARIO<\/p><p>En ning\u00fan caso podr\u00e1 entenderse que los v\u00ednculos a la Web desde p\u00e1ginas o sitios web de terceros implican relaciones de EL PROPIETARIO con los titulares de \u00e9stos, ni implica respaldo, patrocinio o recomendaci\u00f3n alguna de EL PROPIETARIO sobre los mismos, por lo que EL PROPIETARIO no ser\u00e1 responsable en absoluto respecto de su contenido y licitud.<\/p><h5>CONTENIDOS Y COMPORTAMIENTO DEL USUARIO<\/h5><p>Como cliente o usuario de la Web, Ud. se compromete a hacer un uso adecuado de los contenidos y servicios ofrecidos a trav\u00e9s de la misma y a no emplearlos para:<\/p><p>Incurrir en actividades il\u00edcitas, ilegales o contrarias a la buena fe y al orden p\u00fablico.<\/p><p>Difundir contenidos o propaganda de car\u00e1cter racista, xen\u00f3fobo, pornogr\u00e1fico, que haga apolog\u00eda del terrorismo o que atente contra los derechos humanos.<\/p><p>Provocar da\u00f1os en los sistemas f\u00edsicos y l\u00f3gicos de EL PROPIETARIO, de sus proveedores o de terceras personas, introducir o difundir en la red virus inform\u00e1ticos o cualesquiera otros sistemas f\u00edsicos o l\u00f3gicos que sean susceptibles de provocar los da\u00f1os anteriormente mencionados.<\/p><p>Difundir contenidos que atenten contra la imagen y reputaci\u00f3n de EL PROPIETARIO o de terceros.<\/p><p>Atentar contra los derechos de Propiedad Intelectual, Industrial, de imagen, honor u otros que correspondan a EL PROPIETARIO o a terceros.<\/p><p>EL PROPIETARIO tendr\u00e1 plena libertad de decisi\u00f3n sobre si las colaboraciones y mensajes son finalmente publicadas en la Web o no, quedando facultada para retirarlos cuando estime oportuno.<\/p><p>La infracci\u00f3n de cualquiera de las normas contenidas en estas Condiciones de uso y muy especialmente, de lo previsto en la presente cl\u00e1usula, facultar\u00e1n a EL PROPIETARIO para darle de baja de forma inmediata como usuario o suscriptor de la Web.<\/p><h5>FORMAS DE PAGO<\/h5><p>Las formas de pago admitidas en la tienda online son:<\/p><ul><li>Tarjeta de cr\u00e9dito<\/li><li>Pago por PayPal<\/li><li>Transferecnia bancaria<\/li><\/ul><h5>M\u00c9TODOS DE ENV\u00cdO<\/h5><p>Los m\u00e9todos de env\u00edo disponibles en la tienda online son:<\/p><ul><li>Servicio seguro<\/li><li>Punto de recogida<\/li><\/ul><h5>PLAZOS DE ENTREGA<\/h5><p>El plazo de entrega para los env\u00edos realizados por su tienda online son:<\/p><ul><li>3-4 d\u00edas.<\/li><\/ul><h5>POL\u00cdTICA DE CAMBIOS<\/h5><p>En lafabricademarcianitos.com, valoramos la satisfacci\u00f3n de nuestros clientes y nos esforzamos por ofrecer productos de la m\u00e1s alta calidad. Entendemos que, a veces, es necesario realizar devoluciones o cambios en productos, y queremos proporcionar una pol\u00edtica clara y justa al respecto.<\/p><p>Solo se aceptan cambios y devoluciones unicamente para productos de stock (en los cuales no se ha incluido personalizaci\u00f3n de nig\u00fan tipo por parte del cliente).<\/p><p>Sin embargo, es importante tener en cuenta que en lafabricademarcianitos.com, no aceptamos cambios de productos personalizados, ni durante el proceso de personalizaci\u00f3n del producto ni una vez se ha producido la entrega. A continuaci\u00f3n, se detalla nuestra pol\u00edtica de devoluciones y cambios:<\/p><ol><li><p>Devoluciones y Cambios Durante el Proceso de Personalizaci\u00f3n:<\/p><ul><li>Todos nuestros productos personalizables son \u00fanicos y se fabrican espec\u00edficamente seg\u00fan las preferencias de cada cliente.<\/li><li>Dado que estos productos son hechos a medida, no es posible realizar devoluciones ni cambios una vez que el proceso de personalizaci\u00f3n ha comenzado.<\/li><\/ul><\/li><li><p>Devoluciones y Cambios Tras la Entrega:<\/p><ul><li>Nos esforzamos por garantizar que todos nuestros productos se entreguen en perfectas condiciones. Sin embargo, si recibes un producto da\u00f1ado o defectuoso, te pedimos que nos contactes en un plazo de 14 d\u00edas a partir de la fecha de entrega.<\/li><li>Para iniciar el proceso de devoluci\u00f3n, cont\u00e1ctanos a trav\u00e9s de <a href=\"mailto:info@lafabricademarcianitos.com\" target=\"_new\">info@lafabricademarcianitos.com<\/a> y proporciona detalles sobre el motivo de la devoluci\u00f3n junto con fotos del producto da\u00f1ado o defectuoso.<\/li><li>Revisaremos tu solicitud y, si se aprueba, te proporcionaremos instrucciones sobre c\u00f3mo proceder con la devoluci\u00f3n o el reemplazo del producto.<\/li><\/ul><\/li><li><p>Pol\u00edtica de Reembolso:<\/p><ul><li>Si se aprueba una devoluci\u00f3n, te ofreceremos un reembolso completo del precio de compra original o, si lo prefieres, te proporcionaremos un producto de reemplazo en perfecto estado.<\/li><li>El tiempo de procesamiento de reembolsos puede variar, pero nos esforzamos por completarlos en un plazo razonable.<\/li><\/ul><\/li><li><p>Cancelaciones de Pedidos:<\/p><ul><li>Si deseas cancelar un pedido antes de que el proceso de personalizaci\u00f3n haya comenzado, cont\u00e1ctanos lo antes posible para gestionar la cancelaci\u00f3n. Te reembolsaremos el importe total del pedido.<\/li><\/ul><\/li><li><p>Cambios de Direcci\u00f3n de Entrega:<\/p><ul><li>Es responsabilidad del cliente proporcionar la direcci\u00f3n de entrega correcta al realizar un pedido. No aceptamos cambios en la direcci\u00f3n de entrega una vez que el pedido ha sido procesado y enviado.<\/li><\/ul><\/li><\/ol><p>En lafabricademarcianitos.com, nos esforzamos por brindar una experiencia de compra excepcional y productos de calidad. Si tienes alguna pregunta o necesitas asistencia adicional con respecto a nuestra pol\u00edtica de devoluciones y cambios, no dudes en contactarnos a trav\u00e9s de <a href=\"mailto:info@lafabricademarcianitos.com\" target=\"_new\">info@lafabricademarcianitos.com<\/a>. Estamos aqu\u00ed para ayudarte.<\/p><h5>DERECHO DE DESISTIMIENTO<\/h5><p>En base a lo dispuesto en el art. 103 de la Ley General para la Defensa de los Consumidores y Usuarios, se excluye el derecho de desistimiento debido al siguiente motivo:<\/p><p>Precio de los bienes o servicios depende de fluctuaciones del mercado financiero.<\/p><p>Productos que pueden caducar con rapidez.<\/p><p>Productos que son bebidas alcoh\u00f3licas con precio acordado en el momento de celebrar la venta.<\/p><p>Servicio de operaciones de reparaci\u00f3n o mantenimiento a petici\u00f3n del consumidor, con uso de piezas adicionales.<\/p><p>Suministro de prensa diaria, publicaciones peri\u00f3dicas o revistas (a excepci\u00f3n de los productos de suscripci\u00f3n).<\/p><p>Contrataci\u00f3n celebrada mediante subasta p\u00fablica.<\/p><p>Servicios de alojamiento (distintos de vivienda), transporte de bienes, alquiler de veh\u00edculos, comida o servicios relacionados con actividades de esparcimiento con fecha espec\u00edfica.<\/p><p>Suministro de contenido digital que no se presta en un soporte material, habiendo comenzado la ejecuci\u00f3n del servicio.<\/p><h5>SERVICIO DE ATENCI\u00d3N AL CLIENTE<\/h5><p>Siempre que no se haya comenzado con la personalizaci\u00f3n del producto el cliente podr\u00e1 cancelar el pedido sin ning\u00fan cargo y sin aportar raz\u00f3n alguna, debiendo contactar lo antes posible con atenci\u00f3n al cliente en el tel\u00e9fono o a trav\u00e9s de la siguiente direcci\u00f3n de correo electr\u00f3nico: info@lafabricademarcianitos.com, cuyo horario de atenci\u00f3n al p\u00fablico es de: 09:00-13:00\/ 17:00-20:00.<\/p><h5>PROTECCI\u00d3N DE DATOS<\/h5><p>La informaci\u00f3n o datos personales que nos facilite ser\u00e1n tratados con arreglo a lo establecido en la Pol\u00edtica de Privacidad. Al hacer uso de esta p\u00e1gina web se consiente el tratamiento de dicha informaci\u00f3n y datos y se declara que toda la informaci\u00f3n o datos que nos facilite son veraces y se corresponden con la realidad.<\/p><h5>MODIFICACIONES<\/h5><p>EL PROPIETARIO se reserva el derecho de efectuar, sin previo aviso, las modificaciones que considere oportunas en la Web, pudiendo cambiar, suprimir o a\u00f1adir tanto los contenidos y servicios que se presten a trav\u00e9s de la misma, como la forma en la que \u00e9stos aparezcan presentados o localizados.<\/p><p>Aunque EL PROPIETARIO pondr\u00e1 sus mayores esfuerzos en mantener actualizada y libre de errores la informaci\u00f3n contenida en la Web, no ofrece garant\u00eda alguna respecto de su exactitud y puesta al d\u00eda. Tampoco est\u00e1 garantizada la obtenci\u00f3n de ning\u00fan resultado o fin concreto, por lo que el acceso y utilizaci\u00f3n de la Web, es de exclusiva responsabilidad de los usuarios y clientes.<\/p><h5>ACCIONES LEGALES<\/h5><p>EL PROPIETARIO perseguir\u00e1 el incumplimiento de estas Condiciones de Uso, as\u00ed como cualquier utilizaci\u00f3n indebida de la Web o de sus contenidos, las infracciones de los derechos que le correspondan a ella o a sus licenciantes, especialmente los de Propiedad Intelectual e Industrial, ejercitando todas las acciones, civiles y penales, que le puedan corresponder en Derecho.<\/p><h5>RESOLUCION EXTRAJUDICIAL DE CONFLICTOS<\/h5><p>Asimismo, en los t\u00e9rminos que se recogen en el art\u00edculo 14 del Reglamento UE 524\/2013, sobre resoluci\u00f3n de litigios en materia de consumo, se proporciona un enlace directo a la plataforma de resoluci\u00f3n de litigios en l\u00ednea:\u202fhttps:\/\/ec.europa.eu\/consumers\/odr\/main\/index.cfm<\/p><h5>LEY APLICABLE Y JURISDICCI\u00d3N<\/h5><p>Para cualquier controversia o conflicto que pudiera surgir, derivado de estos t\u00e9rminos o condiciones, resultar\u00e1 de aplicaci\u00f3n la Ley Espa\u00f1ola. La resoluci\u00f3n de los conflictos judiciales se someter\u00e1 a la competencia de los Juzgados y Tribunales del domicilio del usuario o cliente.<\/p><p>REV: 20.3009<\/p>\t\t\t\t\t\t\t\t<\/div>\n\t\t\t\t<\/div>\n\t\t\t\t<div class=\"elementor-element elementor-element-11c1738 elementor-widget elementor-widget-spacer\" data-id=\"11c1738\" data-element_type=\"widget\" data-e-type=\"widget\" data-widget_type=\"spacer.default\">\n\t\t\t\t<div class=\"elementor-widget-container\">\n\t\t\t\t\t\t\t<div class=\"elementor-spacer\">\n\t\t\t<div class=\"elementor-spacer-inner\"><\/div>\n\t\t<\/div>\n\t\t\t\t\t\t<\/div>\n\t\t\t\t<\/div>\n\t\t\t\t\t<\/div>\n\t\t\t\t<\/div>\n\t\t\t\t<\/div>","protected":false},"excerpt":{"rendered":"<p>T\u00e9rminos y Condiciones CONDICIONES GENERALES DE CONTRATACI\u00d3N https:\/\/lafabricademarcianitos.com (en adelante, la Web) es un sitio web propiedad de Carmen Infantes Roma, en adelante EL PROPIETARIO, con CIF\/NIF n\u00ba: 70061762J y domicilio social en: Calle Gomera 2, Villaca\u00f1as, 45860, Toledo. El acceso, reproducci\u00f3n y uso de los servicios de la Web requiere la aceptaci\u00f3n previa de [&hellip;]<\/p>\n","protected":false},"author":1,"featured_media":0,"parent":0,"menu_order":0,"comment_status":"closed","ping_status":"closed","template":"","meta":{"footnotes":""},"class_list":["post-712","page","type-page","status-publish","hentry"],"_links":{"self":[{"href":"https:\/\/lafabricademarcianitos.com\/en\/wp-json\/wp\/v2\/pages\/712","targetHints":{"allow":["GET"]}}],"collection":[{"href":"https:\/\/lafabricademarcianitos.com\/en\/wp-json\/wp\/v2\/pages"}],"about":[{"href":"https:\/\/lafabricademarcianitos.com\/en\/wp-json\/wp\/v2\/types\/page"}],"author":[{"embeddable":true,"href":"https:\/\/lafabricademarcianitos.com\/en\/wp-json\/wp\/v2\/users\/1"}],"replies":[{"embeddable":true,"href":"https:\/\/lafabricademarcianitos.com\/en\/wp-json\/wp\/v2\/comments?post=712"}],"version-history":[{"count":5,"href":"https:\/\/lafabricademarcianitos.com\/en\/wp-json\/wp\/v2\/pages\/712\/revisions"}],"predecessor-version":[{"id":930,"href":"https:\/\/lafabricademarcianitos.com\/en\/wp-json\/wp\/v2\/pages\/712\/revisions\/930"}],"wp:attachment":[{"href":"https:\/\/lafabricademarcianitos.com\/en\/wp-json\/wp\/v2\/media?parent=712"}],"curies":[{"name":"wp","href":"https:\/\/api.w.org\/{rel}","templated":true}]}}