{"id":312,"date":"2023-10-25T00:22:23","date_gmt":"2023-10-24T22:22:23","guid":{"rendered":"https:\/\/lafabricademarcianitos.com\/?post_type=product&#038;p=312"},"modified":"2024-02-09T12:46:48","modified_gmt":"2024-02-09T11:46:48","slug":"maquina-03","status":"publish","type":"product","link":"https:\/\/lafabricademarcianitos.com\/en\/product\/maquina-03\/","title":{"rendered":"PINBALL 43&#8243;"},"content":{"rendered":"<p>Mueble realizado en MDF hidr\u00f3fugo lacado en poliuretano epoxi uniones encoladas con sistema de galleta y torniller\u00eda oculta todas sus partes met\u00e1licas son accesorios originales cap custom as\u00ed como puerta industrias lorenzo, playfield de 43 pulgadas en primeras marcas backglass 27 o 28 pulgadas seg\u00fan el mueble y el dmd puede ser en formato panor\u00e1mico estilo Williams o 15,6 pulgadas formato STERN, las dimensiones son id\u00e9nticas al mueble de una m\u00e1quina original.<\/p>\n<p>Este modelo sale de f\u00e1brica salvo expresa del cliente sin sonido SSF as\u00ed como sin ning\u00fan juguete o accesorio de realismo. solenoides, shaker etc<\/p>\n<p>&nbsp;<\/p>\n<p>procesador ryzen 5 5600g<\/p>\n<p>memoria RAM DDR4 32 Gb<\/p>\n<p>disco duro M2 1 Tb<\/p>\n<p>RTX 4060<\/p>\n<p>fuente ATX bronze 850W<\/p>","protected":false},"excerpt":{"rendered":"<p>Texto de ejeplo corto<\/p>","protected":false},"featured_media":567,"comment_status":"closed","ping_status":"closed","template":"","meta":[],"product_brand":[],"product_cat":[35,38],"product_tag":[56],"class_list":{"0":"post-312","1":"product","2":"type-product","3":"status-publish","4":"has-post-thumbnail","6":"product_cat-pinball","7":"product_cat-pinball-43","8":"product_tag-la-fabrica-de-marcianitos","10":"first","11":"instock","12":"shipping-taxable","13":"product-type-simple"},"_links":{"self":[{"href":"https:\/\/lafabricademarcianitos.com\/en\/wp-json\/wp\/v2\/product\/312","targetHints":{"allow":["GET"]}}],"collection":[{"href":"https:\/\/lafabricademarcianitos.com\/en\/wp-json\/wp\/v2\/product"}],"about":[{"href":"https:\/\/lafabricademarcianitos.com\/en\/wp-json\/wp\/v2\/types\/product"}],"replies":[{"embeddable":true,"href":"https:\/\/lafabricademarcianitos.com\/en\/wp-json\/wp\/v2\/comments?post=312"}],"wp:featuredmedia":[{"embeddable":true,"href":"https:\/\/lafabricademarcianitos.com\/en\/wp-json\/wp\/v2\/media\/567"}],"wp:attachment":[{"href":"https:\/\/lafabricademarcianitos.com\/en\/wp-json\/wp\/v2\/media?parent=312"}],"wp:term":[{"taxonomy":"product_brand","embeddable":true,"href":"https:\/\/lafabricademarcianitos.com\/en\/wp-json\/wp\/v2\/product_brand?post=312"},{"taxonomy":"product_cat","embeddable":true,"href":"https:\/\/lafabricademarcianitos.com\/en\/wp-json\/wp\/v2\/product_cat?post=312"},{"taxonomy":"product_tag","embeddable":true,"href":"https:\/\/lafabricademarcianitos.com\/en\/wp-json\/wp\/v2\/product_tag?post=312"}],"curies":[{"name":"wp","href":"https:\/\/api.w.org\/{rel}","templated":true}]}}