{"id":314,"date":"2023-10-25T00:24:04","date_gmt":"2023-10-24T22:24:04","guid":{"rendered":"https:\/\/lafabricademarcianitos.com\/?post_type=product&#038;p=314"},"modified":"2024-02-09T12:46:40","modified_gmt":"2024-02-09T11:46:40","slug":"maquina-05","status":"publish","type":"product","link":"https:\/\/lafabricademarcianitos.com\/en\/product\/maquina-05\/","title":{"rendered":"PINBALL 32&#8243;"},"content":{"rendered":"<p>Pinball de 32 pulgadas es una r\u00e9plica modelo de 43 el cual tiene pr\u00e1cticamente las mismas especificaciones t\u00e9cnicas que su hermano mayor la \u00fanica diferencia es el tama\u00f1o puesto que tanto el mueble c\u00f3mo sus acabados son id\u00e9nticos en calidades podemos jugar con el PC dado que aqu\u00ed no se va a reproducir nada en 4K por lo tanto se pueden abaratar los costes con respecto a los componentes inform\u00e1ticos integrados.<\/p>\n<p>playfield 32&#8243; primeras marcas (LG, Samsung etc)<\/p>\n<p>dmd 10,1&#8243; monitor gen\u00e9rico<\/p>\n<p>backglass 22&#8243; primeras marcas (LG, Samsung etc)<\/p>\n<p>procesador ryzen 5\u00a0 5600g<\/p>\n<p>memoria 16 gb rAM DDR4<\/p>\n<p>disco s\u00f3lido m2 500 Gb<\/p>\n<p>Gr\u00e1fica RTX 3060 NVIDIA<\/p>","protected":false},"excerpt":{"rendered":"<p>Pinball de 32 pulgadas es una r\u00e9plica modelo de 43 el cual tiene pr\u00e1cticamente las mismas especificaciones t\u00e9cnicas que su hermano mayor la \u00fanica diferencia es el tama\u00f1o puesto que tanto el mueble c\u00f3mo sus acabados son id\u00e9nticos en calidades podemos jugar con el PC dado que aqu\u00ed no se va a reproducir nada en [&hellip;]<\/p>\n","protected":false},"featured_media":569,"comment_status":"closed","ping_status":"closed","template":"","meta":[],"product_brand":[],"product_cat":[35,37],"product_tag":[56],"class_list":{"0":"post-314","1":"product","2":"type-product","3":"status-publish","4":"has-post-thumbnail","6":"product_cat-pinball","7":"product_cat-pinball-32","8":"product_tag-la-fabrica-de-marcianitos","10":"first","11":"instock","12":"shipping-taxable","13":"product-type-simple"},"_links":{"self":[{"href":"https:\/\/lafabricademarcianitos.com\/en\/wp-json\/wp\/v2\/product\/314","targetHints":{"allow":["GET"]}}],"collection":[{"href":"https:\/\/lafabricademarcianitos.com\/en\/wp-json\/wp\/v2\/product"}],"about":[{"href":"https:\/\/lafabricademarcianitos.com\/en\/wp-json\/wp\/v2\/types\/product"}],"replies":[{"embeddable":true,"href":"https:\/\/lafabricademarcianitos.com\/en\/wp-json\/wp\/v2\/comments?post=314"}],"wp:featuredmedia":[{"embeddable":true,"href":"https:\/\/lafabricademarcianitos.com\/en\/wp-json\/wp\/v2\/media\/569"}],"wp:attachment":[{"href":"https:\/\/lafabricademarcianitos.com\/en\/wp-json\/wp\/v2\/media?parent=314"}],"wp:term":[{"taxonomy":"product_brand","embeddable":true,"href":"https:\/\/lafabricademarcianitos.com\/en\/wp-json\/wp\/v2\/product_brand?post=314"},{"taxonomy":"product_cat","embeddable":true,"href":"https:\/\/lafabricademarcianitos.com\/en\/wp-json\/wp\/v2\/product_cat?post=314"},{"taxonomy":"product_tag","embeddable":true,"href":"https:\/\/lafabricademarcianitos.com\/en\/wp-json\/wp\/v2\/product_tag?post=314"}],"curies":[{"name":"wp","href":"https:\/\/api.w.org\/{rel}","templated":true}]}}