{"id":315,"date":"2023-10-25T00:24:06","date_gmt":"2023-10-24T22:24:06","guid":{"rendered":"https:\/\/lafabricademarcianitos.com\/?post_type=product&#038;p=315"},"modified":"2024-02-09T12:46:11","modified_gmt":"2024-02-09T11:46:11","slug":"maquina-06","status":"publish","type":"product","link":"https:\/\/lafabricademarcianitos.com\/en\/product\/maquina-06\/","title":{"rendered":"LOW BOY"},"content":{"rendered":"<p>Nuestro modelo mas discreto en tama\u00f1o, pero no por ello sacrifica calidades ni prestaciones t\u00e9cnicas, se compone de los mismos componentes que su hermana mayora BIG BOY, la \u00fanica diferencia que su tama\u00f1o es mas reducido, digamos que esta m\u00e1quina est\u00e1 pensada para una game room mas discreta de tama\u00f1o, un piso, o que simplemente no quieres un mueble mayor.<\/p>\n<p>Realizado en MDF hidr\u00f3fugo como todos nuestros muebles, cortado por CNC y ensamblado por medio del ya conocido sistema de galletas , con tornillos ocultos y uniones encoladas, en resumidas cuentas un mueble para toda la vida capaz de soportar sin alterarse el paso del tiempo. Asi mismo este mueble est\u00e1 lacado con poliuretano epoxy, (base+catalizador) creando una capa similar a la melamina de un tablero convencional, pero en este caso esta integrado a la madera, de esta manera se evitan los famosos \u00abdesconchones\u00bb de pintura.<\/p>\n<p>MDF cortado por CNC<\/p>\n<p>lacado en poliuretano epoxy<\/p>\n<p>vinilos laminados<\/p>\n<p>joysticks y botones industrias lorenzo<\/p>\n<p>sistemas : recalbox, pandora,hyperspin , depende de las necesidades a cubrir.<\/p>\n<p>CPU: raspberry 3b+. raspberry 4, pandora normal, pandora 10 th aniversary, o PC\u00a0 y este ser\u00e1 definido en base a lo que necesite<\/p>","protected":false},"excerpt":{"rendered":"<p>Nuestro modelo mas discreto en tama\u00f1o, pero no por ello sacrifica calidades ni prestaciones t\u00e9cnicas, se compone de los mismos componentes que su hermana mayora BIG BOY, la \u00fanica diferencia que su tama\u00f1o es mas reducido, digamos que esta m\u00e1quina est\u00e1 pensada para una game room mas discreta de tama\u00f1o, un piso, o que simplemente [&hellip;]<\/p>\n","protected":false},"featured_media":563,"comment_status":"closed","ping_status":"closed","template":"","meta":[],"product_brand":[],"product_cat":[30,33],"product_tag":[56],"class_list":{"0":"post-315","1":"product","2":"type-product","3":"status-publish","4":"has-post-thumbnail","6":"product_cat-arcade","7":"product_cat-low-boy","8":"product_tag-la-fabrica-de-marcianitos","10":"first","11":"instock","12":"shipping-taxable","13":"product-type-variable"},"_links":{"self":[{"href":"https:\/\/lafabricademarcianitos.com\/en\/wp-json\/wp\/v2\/product\/315","targetHints":{"allow":["GET"]}}],"collection":[{"href":"https:\/\/lafabricademarcianitos.com\/en\/wp-json\/wp\/v2\/product"}],"about":[{"href":"https:\/\/lafabricademarcianitos.com\/en\/wp-json\/wp\/v2\/types\/product"}],"replies":[{"embeddable":true,"href":"https:\/\/lafabricademarcianitos.com\/en\/wp-json\/wp\/v2\/comments?post=315"}],"wp:featuredmedia":[{"embeddable":true,"href":"https:\/\/lafabricademarcianitos.com\/en\/wp-json\/wp\/v2\/media\/563"}],"wp:attachment":[{"href":"https:\/\/lafabricademarcianitos.com\/en\/wp-json\/wp\/v2\/media?parent=315"}],"wp:term":[{"taxonomy":"product_brand","embeddable":true,"href":"https:\/\/lafabricademarcianitos.com\/en\/wp-json\/wp\/v2\/product_brand?post=315"},{"taxonomy":"product_cat","embeddable":true,"href":"https:\/\/lafabricademarcianitos.com\/en\/wp-json\/wp\/v2\/product_cat?post=315"},{"taxonomy":"product_tag","embeddable":true,"href":"https:\/\/lafabricademarcianitos.com\/en\/wp-json\/wp\/v2\/product_tag?post=315"}],"curies":[{"name":"wp","href":"https:\/\/api.w.org\/{rel}","templated":true}]}}