{"id":316,"date":"2023-10-25T00:24:07","date_gmt":"2023-10-24T22:24:07","guid":{"rendered":"https:\/\/lafabricademarcianitos.com\/?post_type=product&#038;p=316"},"modified":"2024-02-09T12:46:06","modified_gmt":"2024-02-09T11:46:06","slug":"maquina-07","status":"publish","type":"product","link":"https:\/\/lafabricademarcianitos.com\/en\/product\/maquina-07\/","title":{"rendered":"Panel Stick Arcade"},"content":{"rendered":"<p>panel stick arcade,<\/p>\n<p>Este producto para aquellos clientes que no tengan un espacio para cualquiera de nuestros muebles arcade, realizado en MDF de 16 mm hidr\u00f3fugo, lacado en poliuretano epoxy, CPO en metal acero al carbono espesor de 2 mm , cortado por laser y plegado con CNC , recubierto de pintura polvo al horno (powder coating). Opcion de vinilado laminado<\/p>\n<p>Joysticks y botones, Industrias Lorenzo y microswitches cherry D44X<\/p>\n<p>OPCION RP3B+:<\/p>\n<p>Gestionado por una raspberry Pi 3b+ con recalbox en la ultima version estable. Micro SD Sandisk Clase 10 (a elegir entre 32, 64, 128 o 256gb)<\/p>\n<p>PROCESADOR: Broadcom BCM2837B0, Cortex-A53 (ARMv8) 64-bit SoC<\/p>\n<p>FRECUENCIA DE RELOJ: 1,4 GHz<\/p>\n<p>GPU: VideoCore IV 400 MHz<\/p>\n<p>MEMORIA: 1GB LPDDR2 SDRAM<\/p>\n<p>CONECTIVIDAD INAL\u00c1MBRICA: 2.4GHz \/ 5GHz, IEEE 802.11.b\/g\/n\/ac, Bluetooth 4.2, BLE<\/p>\n<p>CONECTIVIDAD LAN: Gigabit Ethernet over USB 2.0 (300 Mbps de m\u00e1ximo te\u00f3rico)<\/p>\n<p>PUERTOS: GPIO 40 pines, HDMI,4 x USB 2.0, Micro SD, Micro USB (alimentaci\u00f3n), Power-over-Ethernet (PoE)<\/p>\n<p>OPCION RP4:<\/p>\n<p>PROCESADOR: ARM Cortex-A72<\/p>\n<p>\u00a1FRECUENCIA DE RELOJ: 1,5 GHz<\/p>\n<p>GPU: VideoCore VI (con soporte para OpenGL ES 3.x)<\/p>\n<p>MEMORIA: 1 GB \/ 2 GB \/ 4 GB LPDDR4 SDRAM<\/p>\n<p>CONECTIVIDAD : Bluetooth 5.0, Wi-Fi 802.11ac, Gigabit Ethernet<\/p>\n<p>PUERTOS:<\/p>\n<p>GPIO 40 pines 2 x micro HDMI 2 x USB 2.0 2 x USB 3.0 CSI (c\u00e1mara Raspberry Pi) DSI (pantalla t\u00e1cil) Micro SD Conector de audio jack USB-C (alimentaci\u00f3n)<\/p>\n<p>OPCION PANDORA BOX DX:<\/p>\n<p>5000 Juegos horizontales<br \/>\n34 Juegos 3D<br \/>\nCPU Quad-core Arm Cortex A7 1.9GHz<br \/>\nGPU MALI450MP2<br \/>\n2GB RAM DDR3<br \/>\nAudio 5.1 Surround<br \/>\nIdiomas: espa\u00f1ol, ingl\u00e9s, chino, koreano<br \/>\nHighscore Record Save \/ Autoguardado puntuaci\u00f3n<br \/>\nSavestate<br \/>\nListado juegos favoritos<br \/>\nConector Jamma Universal<br \/>\n2 USB Joystick input<br \/>\nConector de video HDMI \/ VGA<br \/>\nSe pueden a\u00f1adir juegos manualmente<br \/>\nHasta 4 jugadores en m\u00e1s de 100 juegos<br \/>\nSencillo men\u00fa de selecci\u00f3n de juegos<br \/>\nResoluci\u00f3n 1280&#215;720 \/ 640&#215;480 \/ 384&#215;224<br \/>\nLos juegos se pueden ocultar<br \/>\nBotones configurables<br \/>\nCada juego es configurable (dificultad, rapidez, n\u00famero de vidas, etc)<br \/>\nModo Freeplay \/ Cr\u00e9ditos<br \/>\nOpci\u00f3n de Scanlines<br \/>\nModo con tiempo \/ TIMER<br \/>\nEntrada de Mini jack para el audio<br \/>\nEmuladores soportados: FBA \/ MAME \/ PS1 \/ SFC \/ SNES \/ FC \/ MEGA<\/p>\n<p>OPCION PANDORA 10 TH ANIVERSARY:<\/p>\n<p>5142 juegos: 2072 juegos 2D, 64 juegos para lightgun, 53 juegos 3D.<br \/>\n3 resoluciones disponibles: 1920 x 1080, 1280 x 720, 1024 x 768<br \/>\nCompatible con monitores HD y VGA<br \/>\nLos controles de cada juego se pueden configurar por separado.<br \/>\nPuede cambiar la resoluci\u00f3n de cualquier juego de 16:9 a 4:3.<br \/>\nSe pueden agregar hasta 17 emuladores: atari2600. dreamcast, naomi, atomiswave, psp, etc.<br \/>\nSe pueden a\u00f1adir juegos manualmente<br \/>\nEmuladores categorizados por carpeta de consola.<br \/>\nSe puede buscar los juegos por emulador, por g\u00e9nero y por letra del alfabeto<br \/>\nWifi y puerto ethernet incorporados para actualizar el firmware en un futuro.<br \/>\nModo insertar moneda para 4 jugadores individualmente.<br \/>\nOpci\u00f3n de modo de juegos FREE PLAY<br \/>\nSe pueden configurar las partidas con ajuste del temporizador de juego<br \/>\nJuegos para 3 y 4 jugadores<br \/>\nCompatible con funci\u00f3n de pausa del juego y funci\u00f3n de disparo turbo<br \/>\nGenerador de scanlines<br \/>\nHighscore Record Save \/ Autoguardado puntuaci\u00f3n<br \/>\nSave state<br \/>\nSe pueden editar las listas de los juegos por favoritos y quitar y a\u00f1adir juegos de la lista<br \/>\nCada juego es configurable (dificultad, rapidez, n\u00famero de vidas, etc)<br \/>\n2 puertos USB para conectar gamepads y trackball<br \/>\n3 idiomas disponibles: espa\u00f1o, ingl\u00e9s y coreano<\/p>\n<p>&nbsp;<\/p>","protected":false},"excerpt":{"rendered":"<p>panel stick arcade, Este producto para aquellos clientes que no tengan un espacio para cualquiera de nuestros muebles arcade, realizado en MDF de 16 mm hidr\u00f3fugo, lacado en poliuretano epoxy, CPO en metal acero al carbono espesor de 2 mm , cortado por laser y plegado con CNC , recubierto de pintura polvo al horno [&hellip;]<\/p>\n","protected":false},"featured_media":473,"comment_status":"closed","ping_status":"closed","template":"","meta":[],"product_brand":[],"product_cat":[30,34],"product_tag":[56],"class_list":{"0":"post-316","1":"product","2":"type-product","3":"status-publish","4":"has-post-thumbnail","6":"product_cat-arcade","7":"product_cat-panel-arcade","8":"product_tag-la-fabrica-de-marcianitos","10":"first","11":"instock","12":"shipping-taxable","13":"product-type-variable"},"_links":{"self":[{"href":"https:\/\/lafabricademarcianitos.com\/en\/wp-json\/wp\/v2\/product\/316","targetHints":{"allow":["GET"]}}],"collection":[{"href":"https:\/\/lafabricademarcianitos.com\/en\/wp-json\/wp\/v2\/product"}],"about":[{"href":"https:\/\/lafabricademarcianitos.com\/en\/wp-json\/wp\/v2\/types\/product"}],"replies":[{"embeddable":true,"href":"https:\/\/lafabricademarcianitos.com\/en\/wp-json\/wp\/v2\/comments?post=316"}],"wp:featuredmedia":[{"embeddable":true,"href":"https:\/\/lafabricademarcianitos.com\/en\/wp-json\/wp\/v2\/media\/473"}],"wp:attachment":[{"href":"https:\/\/lafabricademarcianitos.com\/en\/wp-json\/wp\/v2\/media?parent=316"}],"wp:term":[{"taxonomy":"product_brand","embeddable":true,"href":"https:\/\/lafabricademarcianitos.com\/en\/wp-json\/wp\/v2\/product_brand?post=316"},{"taxonomy":"product_cat","embeddable":true,"href":"https:\/\/lafabricademarcianitos.com\/en\/wp-json\/wp\/v2\/product_cat?post=316"},{"taxonomy":"product_tag","embeddable":true,"href":"https:\/\/lafabricademarcianitos.com\/en\/wp-json\/wp\/v2\/product_tag?post=316"}],"curies":[{"name":"wp","href":"https:\/\/api.w.org\/{rel}","templated":true}]}}